{"id":2,"date":"2020-06-29T06:09:29","date_gmt":"2020-06-29T06:09:29","guid":{"rendered":"https:\/\/site1.ctfc.cat\/?page_id=2"},"modified":"2020-11-17T08:50:07","modified_gmt":"2020-11-17T08:50:07","slug":"sample-page","status":"publish","type":"page","link":"https:\/\/farratgem.ecofun.ctfc.cat\/","title":{"rendered":"El projecte"},"content":{"rendered":"\n<p>FARRATGEM t\u00e9 com a objectiu principal transferir els coneixements generats per part de la&nbsp;comunitat&nbsp;cient\u00edfica sobre els <strong>avantatges que tenen les barreges farratgeres<\/strong>. Aquests avantatges&nbsp;inclouen&nbsp;<strong>millores&nbsp;en la productivitat<\/strong>, la <strong>qualitat del farratge<\/strong>, i <strong>millores&nbsp;mediambientals<\/strong>, disminuint la necessitat de fertilitzants i oferint una major resist\u00e8ncia a plagues i males herbes. A m\u00e9s d&#8217;un increment en l&#8217;efici\u00e8ncia en l&#8217;\u00fas de l&#8217;aigua, millora de la fertilitat del s\u00f2l, mitigaci\u00f3 i d&#8217;adaptaci\u00f3 al canvi clim\u00e0tic.<\/p>\n\n\n\n<p>En especial,&nbsp;es&nbsp;pret\u00e9n&nbsp;traslladar aquest coneixement als productors i gestors de l&#8217;\u00e0mbit&nbsp;agr\u00edcola&nbsp;i ramader, per a que aquests puguin promure un canvi cap a sistemes farratgers m\u00e9s diversos i sostenibles. <\/p>\n\n\n\n<figure class=\"wp-block-gallery columns-2 is-cropped wp-block-gallery-1 is-layout-flex wp-block-gallery-is-layout-flex\"><ul class=\"blocks-gallery-grid\"><li class=\"blocks-gallery-item\"><figure><img loading=\"lazy\" decoding=\"async\" width=\"1024\" height=\"768\" src=\"https:\/\/farratgem.ecofun.ctfc.cat\/wp-content\/uploads\/2020\/06\/Riart_3-1024x768.jpg\" alt=\"\" data-id=\"18\" data-full-url=\"https:\/\/farratgem.ecofun.ctfc.cat\/wp-content\/uploads\/2020\/06\/Riart_3.jpg\" data-link=\"https:\/\/farratgem.ecofun.ctfc.cat\/index.php\/sample-page\/riart_3\/#main\" class=\"wp-image-18\" srcset=\"https:\/\/farratgem.ecofun.ctfc.cat\/wp-content\/uploads\/2020\/06\/Riart_3-1024x768.jpg 1024w, https:\/\/farratgem.ecofun.ctfc.cat\/wp-content\/uploads\/2020\/06\/Riart_3-300x225.jpg 300w, https:\/\/farratgem.ecofun.ctfc.cat\/wp-content\/uploads\/2020\/06\/Riart_3-768x576.jpg 768w, https:\/\/farratgem.ecofun.ctfc.cat\/wp-content\/uploads\/2020\/06\/Riart_3.jpg 1393w\" sizes=\"auto, (max-width: 1024px) 100vw, 1024px\" \/><\/figure><\/li><li class=\"blocks-gallery-item\"><figure><img loading=\"lazy\" decoding=\"async\" width=\"1024\" height=\"747\" src=\"https:\/\/farratgem.ecofun.ctfc.cat\/wp-content\/uploads\/2020\/06\/Riart_2-1024x747.jpg\" alt=\"\" data-id=\"17\" data-full-url=\"https:\/\/farratgem.ecofun.ctfc.cat\/wp-content\/uploads\/2020\/06\/Riart_2.jpg\" data-link=\"https:\/\/farratgem.ecofun.ctfc.cat\/index.php\/sample-page\/riart_2\/#main\" class=\"wp-image-17\" srcset=\"https:\/\/farratgem.ecofun.ctfc.cat\/wp-content\/uploads\/2020\/06\/Riart_2-1024x747.jpg 1024w, https:\/\/farratgem.ecofun.ctfc.cat\/wp-content\/uploads\/2020\/06\/Riart_2-300x219.jpg 300w, https:\/\/farratgem.ecofun.ctfc.cat\/wp-content\/uploads\/2020\/06\/Riart_2-768x560.jpg 768w, https:\/\/farratgem.ecofun.ctfc.cat\/wp-content\/uploads\/2020\/06\/Riart_2.jpg 1406w\" sizes=\"auto, (max-width: 1024px) 100vw, 1024px\" \/><\/figure><\/li><\/ul><figcaption class=\"blocks-gallery-caption\">Producci\u00f3 de farratges al camp experimental del Pla de Riart (Solson\u00e8s). Fotos per: ECOFUN.<\/figcaption><\/figure>\n\n\n\n<h2 class=\"wp-block-heading\">Avantatges de les barreges farratgeres <\/h2>\n\n\n\n<div class=\"wp-block-columns is-layout-flex wp-container-core-columns-is-layout-9d6595d7 wp-block-columns-is-layout-flex\">\n<div class=\"wp-block-column is-layout-flow wp-block-column-is-layout-flow\">\n<div class=\"wp-block-image\"><figure class=\"aligncenter size-large\"><img loading=\"lazy\" decoding=\"async\" width=\"158\" height=\"158\" src=\"https:\/\/farratgem.ecofun.ctfc.cat\/wp-content\/uploads\/2020\/06\/6.jpg\" alt=\"\" class=\"wp-image-10\" srcset=\"https:\/\/farratgem.ecofun.ctfc.cat\/wp-content\/uploads\/2020\/06\/6.jpg 158w, https:\/\/farratgem.ecofun.ctfc.cat\/wp-content\/uploads\/2020\/06\/6-150x150.jpg 150w\" sizes=\"auto, (max-width: 158px) 100vw, 158px\" \/><\/figure><\/div>\n\n\n\n<p><a href=\"https:\/\/farratgem.ecofun.ctfc.cat\/index.php\/increment-de-la-productivitat-i-reduccio-invasio-per-males-herbes\/\">Increment de la productivitat i reducci\u00f3 males herbes<\/a><\/p>\n<\/div>\n\n\n\n<div class=\"wp-block-column is-layout-flow wp-block-column-is-layout-flow\">\n<div class=\"wp-block-image\"><figure class=\"aligncenter size-large\"><img loading=\"lazy\" decoding=\"async\" width=\"155\" height=\"154\" src=\"https:\/\/farratgem.ecofun.ctfc.cat\/wp-content\/uploads\/2020\/06\/1.jpg\" alt=\"\" class=\"wp-image-9\" srcset=\"https:\/\/farratgem.ecofun.ctfc.cat\/wp-content\/uploads\/2020\/06\/1.jpg 155w, https:\/\/farratgem.ecofun.ctfc.cat\/wp-content\/uploads\/2020\/06\/1-150x150.jpg 150w\" sizes=\"auto, (max-width: 155px) 100vw, 155px\" \/><\/figure><\/div>\n\n\n\n<p><a href=\"https:\/\/farratgem.ecofun.ctfc.cat\/index.php\/millora-de-la-qualitat-farratgera\/\">Millores de la qualitat farratgera<\/a><\/p>\n<\/div>\n\n\n\n<div class=\"wp-block-column is-layout-flow wp-block-column-is-layout-flow\">\n<div class=\"wp-block-image\"><figure class=\"aligncenter size-large\"><img loading=\"lazy\" decoding=\"async\" width=\"148\" height=\"148\" src=\"https:\/\/farratgem.ecofun.ctfc.cat\/wp-content\/uploads\/2020\/06\/4.jpg\" alt=\"\" class=\"wp-image-12\"\/><\/figure><\/div>\n\n\n\n<p><a href=\"https:\/\/farratgem.ecofun.ctfc.cat\/index.php\/regulacio-del-intercanvi-de-gasos-de-efecte-hivernacle\/\">Reducci\u00f3 emissions de gasos d&#8217;efecte hivernacle<\/a><\/p>\n<\/div>\n<\/div>\n\n\n\n<div class=\"wp-block-columns is-layout-flex wp-container-core-columns-is-layout-9d6595d7 wp-block-columns-is-layout-flex\">\n<div class=\"wp-block-column is-layout-flow wp-block-column-is-layout-flow\">\n<div class=\"wp-block-image\"><figure class=\"aligncenter size-large\"><img loading=\"lazy\" decoding=\"async\" width=\"153\" height=\"153\" src=\"https:\/\/farratgem.ecofun.ctfc.cat\/wp-content\/uploads\/2020\/06\/5.jpg\" alt=\"\" class=\"wp-image-11\" srcset=\"https:\/\/farratgem.ecofun.ctfc.cat\/wp-content\/uploads\/2020\/06\/5.jpg 153w, https:\/\/farratgem.ecofun.ctfc.cat\/wp-content\/uploads\/2020\/06\/5-150x150.jpg 150w\" sizes=\"auto, (max-width: 153px) 100vw, 153px\" \/><\/figure><\/div>\n\n\n\n<p><a href=\"https:\/\/farratgem.ecofun.ctfc.cat\/index.php\/millora-de-la-fertilitat-del-sol\/\">Millores de la fertilitat del s\u00f2l<\/a><\/p>\n<\/div>\n\n\n\n<div class=\"wp-block-column is-layout-flow wp-block-column-is-layout-flow\">\n<div class=\"wp-block-image\"><figure class=\"aligncenter size-large is-resized\"><img loading=\"lazy\" decoding=\"async\" src=\"https:\/\/farratgem.ecofun.ctfc.cat\/wp-content\/uploads\/2020\/06\/3.jpg\" alt=\"\" class=\"wp-image-13\" width=\"142\" height=\"142\"\/><\/figure><\/div>\n\n\n\n<p><a href=\"https:\/\/farratgem.ecofun.ctfc.cat\/index.php\/increment-en-la-eficiencia-de-lus-de-laigua\/\">Increment en l&#8217;efici\u00e8ncia en l&#8217;\u00fas de l&#8217;aigua<\/a><\/p>\n<\/div>\n\n\n\n<div class=\"wp-block-column is-layout-flow wp-block-column-is-layout-flow\"><\/div>\n<\/div>\n\n\n\n<div class=\"wp-block-buttons is-layout-flex wp-block-buttons-is-layout-flex\">\n<div class=\"wp-block-button is-style-outline is-style-outline--2\"><a class=\"wp-block-button__link has-text-color has-very-light-gray-color has-background\" href=\"https:\/\/farratgem.ecofun.ctfc.cat\/index.php\/llavors-quina-es-la-barreja-farratgera-perfecte\/\" style=\"background-color:#9ccb36\" rel=\"\"><strong>Llavors&#8230; quina \u00e9s la barreja perfecta?<\/strong><\/a><\/div>\n<\/div>\n\n\n\n<p>Aquest projecte est\u00e0 coordinat pel <a href=\"http:\/\/ecofun.ctfc.cat\/\">Laboratori d&#8217;Ecologia Funcional i Canvi Global (ECOFUN)<\/a> del&nbsp;<a href=\"http:\/\/www.ctfc.cat\/\">Centre de Ci\u00e8ncia i Tecnologia Forestal de Catalunya (CTFC)<\/a>&nbsp;i la&nbsp;<a href=\"http:\/\/www.udl.cat\/ca\/\">Universitat de Lleida (UdL)<\/a>. Trobareu m\u00e9s informaci\u00f3 als seg\u00fcents documents:<\/p>\n\n\n\n<div class=\"wp-block-file\"><a href=\"https:\/\/farratgem.ecofun.ctfc.cat\/wp-content\/uploads\/2020\/10\/Fitxa_difusi\u00f3_inicial_FARRATGEM.pdf\">Fitxa de difusi\u00f3 inicial<\/a><a href=\"https:\/\/farratgem.ecofun.ctfc.cat\/wp-content\/uploads\/2020\/10\/Fitxa_difusi\u00f3_inicial_FARRATGEM.pdf\" class=\"wp-block-file__button\" download>Baixa<\/a><\/div>\n\n\n\n<div class=\"wp-block-file\"><a href=\"https:\/\/farratgem.ecofun.ctfc.cat\/wp-content\/uploads\/2020\/10\/Fitxa_difusi\u00f3_final_FARRATGEM.pdf\">Fitxa de difusi\u00f3 final<\/a><a href=\"https:\/\/farratgem.ecofun.ctfc.cat\/wp-content\/uploads\/2020\/10\/Fitxa_difusi\u00f3_final_FARRATGEM.pdf\" class=\"wp-block-file__button\" download>Baixa<\/a><\/div>\n\n\n\n<div class=\"wp-block-file\"><a href=\"https:\/\/farratgem.ecofun.ctfc.cat\/wp-content\/uploads\/2020\/10\/panell_divulgatiu_FARRATGEM_2.pdf\">Panell divulgatiu: &#8220;Les avantatges de les barreges farratgeres&#8221;<\/a><a href=\"https:\/\/farratgem.ecofun.ctfc.cat\/wp-content\/uploads\/2020\/10\/panell_divulgatiu_FARRATGEM_2.pdf\" class=\"wp-block-file__button\" download>Baixa<\/a><\/div>\n","protected":false},"excerpt":{"rendered":"<p>FARRATGEM t\u00e9 com a objectiu principal transferir els coneixements generats per part de la&nbsp;comunitat&nbsp;cient\u00edfica sobre els avantatges que tenen les barreges farratgeres. Aquests avantatges&nbsp;inclouen&nbsp;millores&nbsp;en la productivitat, la qualitat del farratge, i millores&nbsp;mediambientals, disminuint la necessitat de fertilitzants i oferint una major resist\u00e8ncia a plagues i males herbes. A m\u00e9s d&#8217;un increment en l&#8217;efici\u00e8ncia en l&#8217;\u00fas &#8230; <a title=\"El projecte\" class=\"read-more\" href=\"https:\/\/farratgem.ecofun.ctfc.cat\/\">Llegiu m\u00e9s <span class=\"screen-reader-text\">El projecte<\/span><\/a><\/p>\n","protected":false},"author":1,"featured_media":0,"parent":0,"menu_order":0,"comment_status":"closed","ping_status":"open","template":"","meta":{"footnotes":""},"class_list":["post-2","page","type-page","status-publish"],"_links":{"self":[{"href":"https:\/\/farratgem.ecofun.ctfc.cat\/index.php\/wp-json\/wp\/v2\/pages\/2","targetHints":{"allow":["GET"]}}],"collection":[{"href":"https:\/\/farratgem.ecofun.ctfc.cat\/index.php\/wp-json\/wp\/v2\/pages"}],"about":[{"href":"https:\/\/farratgem.ecofun.ctfc.cat\/index.php\/wp-json\/wp\/v2\/types\/page"}],"author":[{"embeddable":true,"href":"https:\/\/farratgem.ecofun.ctfc.cat\/index.php\/wp-json\/wp\/v2\/users\/1"}],"replies":[{"embeddable":true,"href":"https:\/\/farratgem.ecofun.ctfc.cat\/index.php\/wp-json\/wp\/v2\/comments?post=2"}],"version-history":[{"count":24,"href":"https:\/\/farratgem.ecofun.ctfc.cat\/index.php\/wp-json\/wp\/v2\/pages\/2\/revisions"}],"predecessor-version":[{"id":209,"href":"https:\/\/farratgem.ecofun.ctfc.cat\/index.php\/wp-json\/wp\/v2\/pages\/2\/revisions\/209"}],"wp:attachment":[{"href":"https:\/\/farratgem.ecofun.ctfc.cat\/index.php\/wp-json\/wp\/v2\/media?parent=2"}],"curies":[{"name":"wp","href":"https:\/\/api.w.org\/{rel}","templated":true}]}}