{"id":22,"date":"2020-06-29T09:53:42","date_gmt":"2020-06-29T09:53:42","guid":{"rendered":"https:\/\/site1.ctfc.cat\/?page_id=22"},"modified":"2020-10-02T10:57:33","modified_gmt":"2020-10-02T10:57:33","slug":"la-barreja-perfecta","status":"publish","type":"page","link":"https:\/\/farratgem.ecofun.ctfc.cat\/index.php\/la-barreja-perfecta\/","title":{"rendered":"Quina \u00e9s la barreja perfecta?"},"content":{"rendered":"\n<p>Una barreja d&#8217;esp\u00e8cies que combini <strong>diversos trets funcionals<\/strong>, amb diverses formes de fulles, arrels, captaci\u00f3 dels recursos, etc. fa un <strong>\u00fas m\u00e9s eficient dels recursos disponibles<\/strong> (Hooper and Vitousek, 1997), i per tant, les funcions i serveis que el ecosistema pot oferir s&#8217;optimitzen.<\/p>\n\n\n\n<figure class=\"wp-block-image size-large\"><img loading=\"lazy\" decoding=\"async\" width=\"932\" height=\"603\" src=\"https:\/\/farratgem.ecofun.ctfc.cat\/wp-content\/uploads\/2020\/09\/image-1.png\" alt=\"\" class=\"wp-image-109\" srcset=\"https:\/\/farratgem.ecofun.ctfc.cat\/wp-content\/uploads\/2020\/09\/image-1.png 932w, https:\/\/farratgem.ecofun.ctfc.cat\/wp-content\/uploads\/2020\/09\/image-1-300x194.png 300w, https:\/\/farratgem.ecofun.ctfc.cat\/wp-content\/uploads\/2020\/09\/image-1-768x497.png 768w\" sizes=\"auto, (max-width: 932px) 100vw, 932px\" \/><figcaption>Dibuix per: Haifa Debouk. <\/figcaption><\/figure>\n\n\n\n<p>Per exemple, \u00e9s ideal combinar esp\u00e8cies que tenen la capacitat de captar el nitrogen&nbsp;atmosf\u00e8ric&nbsp;(lleguminoses) amb esp\u00e8cies que no tenen aquesta capacitat (com per exemple&nbsp;cereals) per\u00f2 que capten molt b\u00e9 la llum, o tamb\u00e9 esp\u00e8cies d&#8217;establiment r\u00e0pid amb esp\u00e8cies d&#8217;establiment m\u00e9s lent, amb arrels m\u00e9s superficials o m\u00e9s profundes, etc.<\/p>\n\n\n\n<p>Aix\u00ed, s&#8217;ha observat que algunes funcions com per exemple la <strong>productivitat \u00e9s m\u00e0xima<\/strong>, en general, quan <strong>es combinen diverses esp\u00e8cies de forma m\u00e9s o menys homog\u00e8nia<\/strong>. I, tamb\u00e9 \u00e9s clau la pres\u00e8ncia de <strong>lleguminoses <\/strong>per fomentar aquesta productivitat, ja que amb un percentatge de lleguminoses entorn al 50% o inferior ja s&#8217;observen clars beneficis sobre la productivitat.<\/p>\n\n\n\n<div class=\"wp-block-image\"><figure class=\"aligncenter size-large\"><img loading=\"lazy\" decoding=\"async\" width=\"546\" height=\"539\" src=\"https:\/\/farratgem.ecofun.ctfc.cat\/wp-content\/uploads\/2020\/09\/image-3.png\" alt=\"\" class=\"wp-image-115\" srcset=\"https:\/\/farratgem.ecofun.ctfc.cat\/wp-content\/uploads\/2020\/09\/image-3.png 546w, https:\/\/farratgem.ecofun.ctfc.cat\/wp-content\/uploads\/2020\/09\/image-3-300x296.png 300w\" sizes=\"auto, (max-width: 546px) 100vw, 546px\" \/><figcaption>Productivitat en funci\u00f3 de la proporci\u00f3 d&#8217;esp\u00e8cies presents a la barreja. Camp experimental Castellnou d\u2019Oss\u00f3. Adaptat de Ribas et al. (2015).<\/figcaption><\/figure><\/div>\n","protected":false},"excerpt":{"rendered":"<p>Una barreja d&#8217;esp\u00e8cies que combini diversos trets funcionals, amb diverses formes de fulles, arrels, captaci\u00f3 dels recursos, etc. fa un \u00fas m\u00e9s eficient dels recursos disponibles (Hooper and Vitousek, 1997), i per tant, les funcions i serveis que el ecosistema pot oferir s&#8217;optimitzen. Per exemple, \u00e9s ideal combinar esp\u00e8cies que tenen la capacitat de captar &#8230; <a title=\"Quina \u00e9s la barreja perfecta?\" class=\"read-more\" href=\"https:\/\/farratgem.ecofun.ctfc.cat\/index.php\/la-barreja-perfecta\/\">Llegiu m\u00e9s <span class=\"screen-reader-text\">Quina \u00e9s la barreja perfecta?<\/span><\/a><\/p>\n","protected":false},"author":1,"featured_media":0,"parent":0,"menu_order":0,"comment_status":"closed","ping_status":"closed","template":"","meta":{"footnotes":""},"class_list":["post-22","page","type-page","status-publish"],"_links":{"self":[{"href":"https:\/\/farratgem.ecofun.ctfc.cat\/index.php\/wp-json\/wp\/v2\/pages\/22","targetHints":{"allow":["GET"]}}],"collection":[{"href":"https:\/\/farratgem.ecofun.ctfc.cat\/index.php\/wp-json\/wp\/v2\/pages"}],"about":[{"href":"https:\/\/farratgem.ecofun.ctfc.cat\/index.php\/wp-json\/wp\/v2\/types\/page"}],"author":[{"embeddable":true,"href":"https:\/\/farratgem.ecofun.ctfc.cat\/index.php\/wp-json\/wp\/v2\/users\/1"}],"replies":[{"embeddable":true,"href":"https:\/\/farratgem.ecofun.ctfc.cat\/index.php\/wp-json\/wp\/v2\/comments?post=22"}],"version-history":[{"count":11,"href":"https:\/\/farratgem.ecofun.ctfc.cat\/index.php\/wp-json\/wp\/v2\/pages\/22\/revisions"}],"predecessor-version":[{"id":154,"href":"https:\/\/farratgem.ecofun.ctfc.cat\/index.php\/wp-json\/wp\/v2\/pages\/22\/revisions\/154"}],"wp:attachment":[{"href":"https:\/\/farratgem.ecofun.ctfc.cat\/index.php\/wp-json\/wp\/v2\/media?parent=22"}],"curies":[{"name":"wp","href":"https:\/\/api.w.org\/{rel}","templated":true}]}}