{"id":31,"date":"2020-06-29T10:01:01","date_gmt":"2020-06-29T10:01:01","guid":{"rendered":"https:\/\/site1.ctfc.cat\/?page_id=31"},"modified":"2020-10-28T14:52:13","modified_gmt":"2020-10-28T14:52:13","slug":"gasos-efecte-hivernacle","status":"publish","type":"page","link":"https:\/\/farratgem.ecofun.ctfc.cat\/index.php\/gasos-efecte-hivernacle\/","title":{"rendered":"Reducci\u00f3 de les emissions de gasos d&#8217;efecte hivernacle"},"content":{"rendered":"\n<p>L&#8217;<strong>increment&nbsp;en la&nbsp;productivitat&nbsp;<\/strong>associat a les <strong>barreges farratgeres <\/strong>implica que aquestes <strong>capten m\u00e9s&nbsp;CO<sub>2<\/sub><\/strong>&nbsp;(Debouk, 2017; Iba\u00f1ez, 2019; Ribas et al., 2015). Per exemple, en un experiment portat a terme a Castellnou d&#8217;Oss\u00f3 (41\u00b0 46\u2032 N, 1\u00b0 8\u2032 E, 353 m s.&nbsp;n. m.), es va testar com la&nbsp;barreja&nbsp;de tres esp\u00e8cies t\u00edpicament farratgeres: festuca \u2013 cereal,&nbsp;alfals \u2013 lleguminosa, i&nbsp;xicoira \u2013 forbia, influ\u00efa sobre les taxes d&#8217;assimilaci\u00f3 de CO<sub>2<\/sub>, les quals van incrementar en la barreja&nbsp;de les tres esp\u00e8cies, mentre que els&nbsp;monocultius de cereal (festuca) i de forbia (xicoira) van&nbsp;presentar&nbsp;taxes d&#8217;assimilaci\u00f3 de CO<sub>2<\/sub>&nbsp;m\u00e9s baixes (Ribas et al., 2015).<\/p>\n\n\n\n<div class=\"wp-block-image\"><figure class=\"aligncenter size-large\"><img loading=\"lazy\" decoding=\"async\" width=\"621\" height=\"510\" src=\"https:\/\/farratgem.ecofun.ctfc.cat\/wp-content\/uploads\/2020\/09\/image-5.png\" alt=\"\" class=\"wp-image-126\" srcset=\"https:\/\/farratgem.ecofun.ctfc.cat\/wp-content\/uploads\/2020\/09\/image-5.png 621w, https:\/\/farratgem.ecofun.ctfc.cat\/wp-content\/uploads\/2020\/09\/image-5-300x246.png 300w\" sizes=\"auto, (max-width: 621px) 100vw, 621px\" \/><figcaption>Intercanvi de CO<sub>2<\/sub> en funci\u00f3 de la proporci\u00f3 d\u2019esp\u00e8cies presents a la barreja. Camp experimental Castellnou d\u2019Oss\u00f3. Adaptat de Ribas et al. (2015).<\/figcaption><\/figure><\/div>\n\n\n\n<p>A m\u00e9s, les <strong>barreges<\/strong> tamb\u00e9 presenten&nbsp;avantatges&nbsp;a l&#8217;hora&nbsp;de <strong>reduir les emissions d&#8217;altres gasos d&#8217;efecte&nbsp;hivernacle<\/strong>, com per exemple el <strong>met\u00e0<\/strong> (CH<sub>4 <\/sub>, A) i&nbsp;l&#8217;<strong>\u00f2xid&nbsp;nitr\u00f3s&nbsp;<\/strong>(N<sub>2<\/sub>O, B). Aquestes emissions van ser m\u00ednimes sota la combinaci\u00f3 de les tres esp\u00e8cies (<em>\u2013 cereal,&nbsp;alfals \u2013 lleguminosa, i&nbsp;xicoira \u2013 forbia<\/em>) en comparaci\u00f3 amb els respectius monocultius (Ribas et al., 2015).<\/p>\n\n\n\n<figure class=\"wp-block-image size-large\"><img loading=\"lazy\" decoding=\"async\" width=\"877\" height=\"491\" src=\"https:\/\/farratgem.ecofun.ctfc.cat\/wp-content\/uploads\/2020\/09\/image-6.png\" alt=\"\" class=\"wp-image-130\" srcset=\"https:\/\/farratgem.ecofun.ctfc.cat\/wp-content\/uploads\/2020\/09\/image-6.png 877w, https:\/\/farratgem.ecofun.ctfc.cat\/wp-content\/uploads\/2020\/09\/image-6-300x168.png 300w, https:\/\/farratgem.ecofun.ctfc.cat\/wp-content\/uploads\/2020\/09\/image-6-768x430.png 768w\" sizes=\"auto, (max-width: 877px) 100vw, 877px\" \/><figcaption>Emissions de (A) CH<sub>4 <\/sub>i, (B) N<sub>2<\/sub>O en funci\u00f3 de la proporci\u00f3 d\u2019esp\u00e8cies presents a la barreja, camp experimental Castellnou d\u2019Oss\u00f3. Adaptat de Ribas et al. (2015).<\/figcaption><\/figure>\n\n\n\n<p>Cal destacar la rellev\u00e0ncia d\u2019aquests resultats, ja que tot i que el CH<sub>4<\/sub> i el N<sub>2<\/sub>O, no s\u00f3n tan abundants com el CO<sub>2<\/sub>, s\u00ed s\u00f3n gasos amb un elevat potencial d&#8217;escalfament. De fet, la capacitat de generar&nbsp;efecte&nbsp;hivernacle del CH<sub>4<\/sub> \u00e9s entorn a&nbsp;unes 25-30 vegades m\u00e9s gran que el CO<sub>2<\/sub> i el N<sub>2<\/sub>O entorn a&nbsp;unes 300 vegades (per m\u00e9s informaci\u00f3 veure la <a href=\"https:\/\/canviclimatic.gencat.cat\/web\/.content\/04_ACTUA\/Com_calcular_emissions_GEH\/guia_de_calcul_demissions_de_co2\/190301_Guia-practica-calcul-emissions_CA.pdf\">Guia pr\u00e0ctica per al c\u00e0lcul d&#8217;emissions de gasos amb efecte hivernacle (GEH)<\/a>).<\/p>\n\n\n\n<div class=\"wp-block-file\"><a href=\"https:\/\/farratgem.ecofun.ctfc.cat\/wp-content\/uploads\/2020\/10\/GHG_fert.pdf\">Panell divulgatiu: &#8220;Gasos d&#8217;efecte hivernacle i fertilitat del s\u00f2l&#8221;<\/a><a href=\"https:\/\/farratgem.ecofun.ctfc.cat\/wp-content\/uploads\/2020\/10\/GHG_fert.pdf\" class=\"wp-block-file__button\" download>Baixa<\/a><\/div>\n","protected":false},"excerpt":{"rendered":"<p>L&#8217;increment&nbsp;en la&nbsp;productivitat&nbsp;associat a les barreges farratgeres implica que aquestes capten m\u00e9s&nbsp;CO2&nbsp;(Debouk, 2017; Iba\u00f1ez, 2019; Ribas et al., 2015). Per exemple, en un experiment portat a terme a Castellnou d&#8217;Oss\u00f3 (41\u00b0 46\u2032 N, 1\u00b0 8\u2032 E, 353 m s.&nbsp;n. m.), es va testar com la&nbsp;barreja&nbsp;de tres esp\u00e8cies t\u00edpicament farratgeres: festuca \u2013 cereal,&nbsp;alfals \u2013 lleguminosa, i&nbsp;xicoira \u2013 &#8230; <a title=\"Reducci\u00f3 de les emissions de gasos d&#8217;efecte hivernacle\" class=\"read-more\" href=\"https:\/\/farratgem.ecofun.ctfc.cat\/index.php\/gasos-efecte-hivernacle\/\">Llegiu m\u00e9s <span class=\"screen-reader-text\">Reducci\u00f3 de les emissions de gasos d&#8217;efecte hivernacle<\/span><\/a><\/p>\n","protected":false},"author":1,"featured_media":0,"parent":0,"menu_order":0,"comment_status":"closed","ping_status":"closed","template":"","meta":{"footnotes":""},"class_list":["post-31","page","type-page","status-publish"],"_links":{"self":[{"href":"https:\/\/farratgem.ecofun.ctfc.cat\/index.php\/wp-json\/wp\/v2\/pages\/31","targetHints":{"allow":["GET"]}}],"collection":[{"href":"https:\/\/farratgem.ecofun.ctfc.cat\/index.php\/wp-json\/wp\/v2\/pages"}],"about":[{"href":"https:\/\/farratgem.ecofun.ctfc.cat\/index.php\/wp-json\/wp\/v2\/types\/page"}],"author":[{"embeddable":true,"href":"https:\/\/farratgem.ecofun.ctfc.cat\/index.php\/wp-json\/wp\/v2\/users\/1"}],"replies":[{"embeddable":true,"href":"https:\/\/farratgem.ecofun.ctfc.cat\/index.php\/wp-json\/wp\/v2\/comments?post=31"}],"version-history":[{"count":9,"href":"https:\/\/farratgem.ecofun.ctfc.cat\/index.php\/wp-json\/wp\/v2\/pages\/31\/revisions"}],"predecessor-version":[{"id":211,"href":"https:\/\/farratgem.ecofun.ctfc.cat\/index.php\/wp-json\/wp\/v2\/pages\/31\/revisions\/211"}],"wp:attachment":[{"href":"https:\/\/farratgem.ecofun.ctfc.cat\/index.php\/wp-json\/wp\/v2\/media?parent=31"}],"curies":[{"name":"wp","href":"https:\/\/api.w.org\/{rel}","templated":true}]}}