{"id":34,"date":"2020-06-29T10:03:34","date_gmt":"2020-06-29T10:03:34","guid":{"rendered":"https:\/\/site1.ctfc.cat\/?page_id=34"},"modified":"2020-10-02T11:11:41","modified_gmt":"2020-10-02T11:11:41","slug":"qualitat-farratgera","status":"publish","type":"page","link":"https:\/\/farratgem.ecofun.ctfc.cat\/index.php\/qualitat-farratgera\/","title":{"rendered":"Millores de la qualitat farratgera"},"content":{"rendered":"\n<p>Les barreges farratgeres, especialment aquelles que contenen\u00a0<strong>barreja\u00a0de cereal i lleguminosa\u00a0<\/strong>presenten\u00a0millores en la qualitat farratgera, <strong>incrementant la\u00a0quantitat\u00a0de prote\u00efna <\/strong>(Sturlud\u00f3ttir et al., 2013; Suter et al., 2015). De fet, la pres\u00e8ncia de <strong>lleguminoses incrementa el contingut de nitrogen totes les esp\u00e8cies presents en la barreja<\/strong>.<\/p>\n\n\n\n<p>Per exemple, en un experiment portat a terme a G\u00f3sol, es va observar com la pres\u00e8ncia de lleguminoses feia incrementar el contingut de nitrogen en els cereals presentes a la barreja, fins a un contingut m\u00e0xim de lleguminoses\u00a0entorn al\u00a050%, a partir del qual el contingut de nitrogen s&#8217;estabilitz\u00e0.<\/p>\n\n\n\n<div class=\"wp-block-image\"><figure class=\"aligncenter size-large is-resized\"><img loading=\"lazy\" decoding=\"async\" src=\"https:\/\/farratgem.ecofun.ctfc.cat\/wp-content\/uploads\/2020\/06\/L_prop_N_content_grasses-1024x1024.png\" alt=\"\" class=\"wp-image-38\" width=\"589\" height=\"589\" srcset=\"https:\/\/farratgem.ecofun.ctfc.cat\/wp-content\/uploads\/2020\/06\/L_prop_N_content_grasses-1024x1024.png 1024w, https:\/\/farratgem.ecofun.ctfc.cat\/wp-content\/uploads\/2020\/06\/L_prop_N_content_grasses-300x300.png 300w, https:\/\/farratgem.ecofun.ctfc.cat\/wp-content\/uploads\/2020\/06\/L_prop_N_content_grasses-150x150.png 150w, https:\/\/farratgem.ecofun.ctfc.cat\/wp-content\/uploads\/2020\/06\/L_prop_N_content_grasses-768x768.png 768w, https:\/\/farratgem.ecofun.ctfc.cat\/wp-content\/uploads\/2020\/06\/L_prop_N_content_grasses.png 1181w\" sizes=\"auto, (max-width: 589px) 100vw, 589px\" \/><figcaption>Contingut de nitrogen (N) en cereal en funci\u00f3 de la proporci\u00f3 de lleguminoses en barreja. Adaptat de (Kirwan et al., 2016), camp experimental G\u00f3sol.<\/figcaption><\/figure><\/div>\n\n\n\n<p>Aquesta\u00a0premissa\u00a0\u00e9s\u00a0interessant, ja que implica un <strong>comprom\u00eds entre la qualitat del farratge i la productivitat<\/strong>. En general <strong>un percentatge de lleguminoses entorn al 50% o menor reporta clars beneficis, per\u00f2 caldr\u00e0 valorar en cada cas les proporcions \u00f2ptimes per maximitzar <\/strong>el rendiment del farratge.<\/p>\n","protected":false},"excerpt":{"rendered":"<p>Les barreges farratgeres, especialment aquelles que contenen\u00a0barreja\u00a0de cereal i lleguminosa\u00a0presenten\u00a0millores en la qualitat farratgera, incrementant la\u00a0quantitat\u00a0de prote\u00efna (Sturlud\u00f3ttir et al., 2013; Suter et al., 2015). De fet, la pres\u00e8ncia de lleguminoses incrementa el contingut de nitrogen totes les esp\u00e8cies presents en la barreja. Per exemple, en un experiment portat a terme a G\u00f3sol, es va &#8230; <a title=\"Millores de la qualitat farratgera\" class=\"read-more\" href=\"https:\/\/farratgem.ecofun.ctfc.cat\/index.php\/qualitat-farratgera\/\">Llegiu m\u00e9s <span class=\"screen-reader-text\">Millores de la qualitat farratgera<\/span><\/a><\/p>\n","protected":false},"author":1,"featured_media":0,"parent":0,"menu_order":0,"comment_status":"closed","ping_status":"closed","template":"","meta":{"footnotes":""},"class_list":["post-34","page","type-page","status-publish"],"_links":{"self":[{"href":"https:\/\/farratgem.ecofun.ctfc.cat\/index.php\/wp-json\/wp\/v2\/pages\/34","targetHints":{"allow":["GET"]}}],"collection":[{"href":"https:\/\/farratgem.ecofun.ctfc.cat\/index.php\/wp-json\/wp\/v2\/pages"}],"about":[{"href":"https:\/\/farratgem.ecofun.ctfc.cat\/index.php\/wp-json\/wp\/v2\/types\/page"}],"author":[{"embeddable":true,"href":"https:\/\/farratgem.ecofun.ctfc.cat\/index.php\/wp-json\/wp\/v2\/users\/1"}],"replies":[{"embeddable":true,"href":"https:\/\/farratgem.ecofun.ctfc.cat\/index.php\/wp-json\/wp\/v2\/comments?post=34"}],"version-history":[{"count":9,"href":"https:\/\/farratgem.ecofun.ctfc.cat\/index.php\/wp-json\/wp\/v2\/pages\/34\/revisions"}],"predecessor-version":[{"id":160,"href":"https:\/\/farratgem.ecofun.ctfc.cat\/index.php\/wp-json\/wp\/v2\/pages\/34\/revisions\/160"}],"wp:attachment":[{"href":"https:\/\/farratgem.ecofun.ctfc.cat\/index.php\/wp-json\/wp\/v2\/media?parent=34"}],"curies":[{"name":"wp","href":"https:\/\/api.w.org\/{rel}","templated":true}]}}