{"id":41,"date":"2020-06-29T10:04:31","date_gmt":"2020-06-29T10:04:31","guid":{"rendered":"https:\/\/site1.ctfc.cat\/?page_id=41"},"modified":"2020-10-28T14:49:15","modified_gmt":"2020-10-28T14:49:15","slug":"productivitat-i-males-herbes","status":"publish","type":"page","link":"https:\/\/farratgem.ecofun.ctfc.cat\/index.php\/productivitat-i-males-herbes\/","title":{"rendered":"Increment de la productivitat i reducci\u00f3 de la invasi\u00f3 per males herbes"},"content":{"rendered":"\n<p>S\u00f3n diversos els estudis que&nbsp;han&nbsp;demostrat&nbsp;que les <strong>barreges farratgeres incrementen la&nbsp;productivitat&nbsp;vers els monocultius<\/strong> (Brophy et al., 2017; Finn et al., 2013; Kirwan et al., 2007; Ribas et al., 2015). A m\u00e9s, aquest increment de la productivitat no va associat a un increment en la producci\u00f3 de males herbes, ja que una major diversitat d&#8217;esp\u00e8cies proporciona <strong>major resist\u00e8ncia a la invasi\u00f3 per males herbes <\/strong>(Connolly et al., 2018; Frankow-Lindberg et al., 2009; Kirwan et al., 2007).<\/p>\n\n\n\n<p>Per exemple, en un&nbsp;experiment&nbsp;portat a terme a 31 camps&nbsp;experimentals&nbsp;diferents (30 europeus i 1 del&nbsp;Canad\u00e0) es va testar l&#8217;<strong>efecte de&nbsp;l&#8217;agrodiversitat&nbsp;<\/strong>sobre&nbsp;diverses&nbsp;funcions&nbsp;de l&#8217;ecosistema&nbsp;(Kirwan et al., 2014). Aquest&nbsp;experiment&nbsp;va demostrar consistentment que les <strong>barreges van tenir una major&nbsp;productivitat&nbsp;que els monocultius en un 97% dels casos<\/strong>, i m\u00e9s productivitat que el millor dels monocultius en un 60% dels casos.<\/p>\n\n\n\n<p>Un dels camps experimentals en&nbsp;q\u00fcesti\u00f3&nbsp;es va ubicar a&nbsp;G\u00f3sol&nbsp;(42\u00ba 13&#8242;&nbsp;N, 1\u00ba 39&#8242;&nbsp;E, 1410 m s.&nbsp;n. m.). On efectivament es va observar aquest efecte positiu de la diversitat sobre la productivitat i sobre la reducci\u00f3 de la invasi\u00f3 per males herbes.<\/p>\n\n\n\n<div class=\"wp-block-image\"><figure class=\"aligncenter size-large is-resized\"><img loading=\"lazy\" decoding=\"async\" src=\"https:\/\/farratgem.ecofun.ctfc.cat\/wp-content\/uploads\/2020\/06\/f1-1024x942.png\" alt=\"\" class=\"wp-image-42\" width=\"605\" height=\"556\" srcset=\"https:\/\/farratgem.ecofun.ctfc.cat\/wp-content\/uploads\/2020\/06\/f1-1024x942.png 1024w, https:\/\/farratgem.ecofun.ctfc.cat\/wp-content\/uploads\/2020\/06\/f1-300x276.png 300w, https:\/\/farratgem.ecofun.ctfc.cat\/wp-content\/uploads\/2020\/06\/f1-768x707.png 768w, https:\/\/farratgem.ecofun.ctfc.cat\/wp-content\/uploads\/2020\/06\/f1-1536x1414.png 1536w, https:\/\/farratgem.ecofun.ctfc.cat\/wp-content\/uploads\/2020\/06\/f1-2048x1885.png 2048w\" sizes=\"auto, (max-width: 605px) 100vw, 605px\" \/><figcaption>(A) Productivitat i (B) males herbes de barreges vs. monocultius. Adaptat de Kirwan et al., 2016, camp experimental G\u00f3sol, 2004. Mitjana \u00b1 error est\u00e0ndard.<\/figcaption><\/figure><\/div>\n\n\n\n<p>A m\u00e9s, s&#8217;ha demostrat que les barreges presenten una menor depend\u00e8ncia de l&#8217;\u00fas&nbsp;de fertilitzants, ja que barreges farratgeres fertilitzades amb un contingut baix de fertilitzant poden tenir una <strong>productivitat similar a monocultius intensament fertilitzats<\/strong> (Nyfeler et al., 2009). <\/p>\n\n\n\n<p>Cal&nbsp;mencionar per\u00f2 que si es vol mantenir una barreja de cereal\u2011lleguminosa a llarg termini la quantitat de fertilitzant aplicada \u00e9s important, ja que altes quantitats de fertilitzant poden despla\u00e7ar les lleguminoses en pro dels cereals (Nyfeler et al., 2009).<\/p>\n\n\n\n<div class=\"wp-block-file\"><a href=\"https:\/\/farratgem.ecofun.ctfc.cat\/wp-content\/uploads\/2020\/10\/prod_quality.pdf\">Panell divulgatiu: &#8220;Productivitat i qualitat&#8221;<\/a><a href=\"https:\/\/farratgem.ecofun.ctfc.cat\/wp-content\/uploads\/2020\/10\/prod_quality.pdf\" class=\"wp-block-file__button\" download>Baixa<\/a><\/div>\n","protected":false},"excerpt":{"rendered":"<p>S\u00f3n diversos els estudis que&nbsp;han&nbsp;demostrat&nbsp;que les barreges farratgeres incrementen la&nbsp;productivitat&nbsp;vers els monocultius (Brophy et al., 2017; Finn et al., 2013; Kirwan et al., 2007; Ribas et al., 2015). A m\u00e9s, aquest increment de la productivitat no va associat a un increment en la producci\u00f3 de males herbes, ja que una major diversitat d&#8217;esp\u00e8cies proporciona major &#8230; <a title=\"Increment de la productivitat i reducci\u00f3 de la invasi\u00f3 per males herbes\" class=\"read-more\" href=\"https:\/\/farratgem.ecofun.ctfc.cat\/index.php\/productivitat-i-males-herbes\/\">Llegiu m\u00e9s <span class=\"screen-reader-text\">Increment de la productivitat i reducci\u00f3 de la invasi\u00f3 per males herbes<\/span><\/a><\/p>\n","protected":false},"author":1,"featured_media":0,"parent":0,"menu_order":0,"comment_status":"closed","ping_status":"closed","template":"","meta":{"footnotes":""},"class_list":["post-41","page","type-page","status-publish"],"_links":{"self":[{"href":"https:\/\/farratgem.ecofun.ctfc.cat\/index.php\/wp-json\/wp\/v2\/pages\/41","targetHints":{"allow":["GET"]}}],"collection":[{"href":"https:\/\/farratgem.ecofun.ctfc.cat\/index.php\/wp-json\/wp\/v2\/pages"}],"about":[{"href":"https:\/\/farratgem.ecofun.ctfc.cat\/index.php\/wp-json\/wp\/v2\/types\/page"}],"author":[{"embeddable":true,"href":"https:\/\/farratgem.ecofun.ctfc.cat\/index.php\/wp-json\/wp\/v2\/users\/1"}],"replies":[{"embeddable":true,"href":"https:\/\/farratgem.ecofun.ctfc.cat\/index.php\/wp-json\/wp\/v2\/comments?post=41"}],"version-history":[{"count":8,"href":"https:\/\/farratgem.ecofun.ctfc.cat\/index.php\/wp-json\/wp\/v2\/pages\/41\/revisions"}],"predecessor-version":[{"id":208,"href":"https:\/\/farratgem.ecofun.ctfc.cat\/index.php\/wp-json\/wp\/v2\/pages\/41\/revisions\/208"}],"wp:attachment":[{"href":"https:\/\/farratgem.ecofun.ctfc.cat\/index.php\/wp-json\/wp\/v2\/media?parent=41"}],"curies":[{"name":"wp","href":"https:\/\/api.w.org\/{rel}","templated":true}]}}